{"id":1915,"date":"2024-12-05T14:43:10","date_gmt":"2024-12-05T13:43:10","guid":{"rendered":"https:\/\/www.quimxel.es\/industria-sanitaria\/"},"modified":"2025-01-20T13:16:46","modified_gmt":"2025-01-20T12:16:46","slug":"sector-sanitario","status":"publish","type":"page","link":"https:\/\/www.quimxel.es\/en\/sector-sanitario\/","title":{"rendered":"Sanitary sector"},"content":{"rendered":"","protected":false},"excerpt":{"rendered":"","protected":false},"author":1,"featured_media":0,"parent":0,"menu_order":0,"comment_status":"closed","ping_status":"closed","template":"","meta":{"footnotes":""},"class_list":["post-1915","page","type-page","status-publish","hentry"],"yoast_head":"<!-- This site is optimized with the Yoast SEO plugin v27.3 - https:\/\/yoast.com\/product\/yoast-seo-wordpress\/ -->\n<title>Sanitary sector - QU\u00cdMICAS QUIMXEL, S.L.<\/title>\n<meta name=\"robots\" content=\"index, follow, max-snippet:-1, max-image-preview:large, max-video-preview:-1\" \/>\n<link rel=\"canonical\" href=\"https:\/\/www.quimxel.es\/en\/sector-sanitario\/\" \/>\n<meta property=\"og:locale\" content=\"en_US\" \/>\n<meta property=\"og:type\" content=\"article\" \/>\n<meta property=\"og:title\" content=\"Sanitary sector - QU\u00cdMICAS QUIMXEL, S.L.\" \/>\n<meta property=\"og:url\" content=\"https:\/\/www.quimxel.es\/en\/sector-sanitario\/\" \/>\n<meta property=\"og:site_name\" content=\"QU\u00cdMICAS QUIMXEL, S.L.\" \/>\n<meta property=\"article:modified_time\" content=\"2025-01-20T12:16:46+00:00\" \/>\n<meta name=\"twitter:card\" content=\"summary_large_image\" \/>\n<script type=\"application\/ld+json\" class=\"yoast-schema-graph\">{\"@context\":\"https:\\\/\\\/schema.org\",\"@graph\":[{\"@type\":\"WebPage\",\"@id\":\"https:\\\/\\\/www.quimxel.es\\\/en\\\/sector-sanitario\\\/\",\"url\":\"https:\\\/\\\/www.quimxel.es\\\/en\\\/sector-sanitario\\\/\",\"name\":\"Sanitary sector - QU\u00cdMICAS QUIMXEL, S.L.\",\"isPartOf\":{\"@id\":\"https:\\\/\\\/www.quimxel.es\\\/en\\\/#website\"},\"datePublished\":\"2024-12-05T13:43:10+00:00\",\"dateModified\":\"2025-01-20T12:16:46+00:00\",\"breadcrumb\":{\"@id\":\"https:\\\/\\\/www.quimxel.es\\\/en\\\/sector-sanitario\\\/#breadcrumb\"},\"inLanguage\":\"en-US\",\"potentialAction\":[{\"@type\":\"ReadAction\",\"target\":[\"https:\\\/\\\/www.quimxel.es\\\/en\\\/sector-sanitario\\\/\"]}]},{\"@type\":\"BreadcrumbList\",\"@id\":\"https:\\\/\\\/www.quimxel.es\\\/en\\\/sector-sanitario\\\/#breadcrumb\",\"itemListElement\":[{\"@type\":\"ListItem\",\"position\":1,\"name\":\"Portada\",\"item\":\"https:\\\/\\\/www.quimxel.es\\\/en\\\/home\\\/\"},{\"@type\":\"ListItem\",\"position\":2,\"name\":\"Sanitary sector\"}]},{\"@type\":\"WebSite\",\"@id\":\"https:\\\/\\\/www.quimxel.es\\\/en\\\/#website\",\"url\":\"https:\\\/\\\/www.quimxel.es\\\/en\\\/\",\"name\":\"QU\u00cdMICAS QUIMXEL, S.L.\",\"description\":\"L\u00edderes en la fabricaci\u00f3n de productos de higiene y limpieza profesional con m\u00e1s de 30 a\u00f1os de experiencia en el sector.\",\"publisher\":{\"@id\":\"https:\\\/\\\/www.quimxel.es\\\/en\\\/#organization\"},\"alternateName\":\"QUIMXEL\",\"potentialAction\":[{\"@type\":\"SearchAction\",\"target\":{\"@type\":\"EntryPoint\",\"urlTemplate\":\"https:\\\/\\\/www.quimxel.es\\\/en\\\/?s={search_term_string}\"},\"query-input\":{\"@type\":\"PropertyValueSpecification\",\"valueRequired\":true,\"valueName\":\"search_term_string\"}}],\"inLanguage\":\"en-US\"},{\"@type\":\"Organization\",\"@id\":\"https:\\\/\\\/www.quimxel.es\\\/en\\\/#organization\",\"name\":\"QU\u00cdMICAS QUIMXEL, S.L.\",\"url\":\"https:\\\/\\\/www.quimxel.es\\\/en\\\/\",\"logo\":{\"@type\":\"ImageObject\",\"inLanguage\":\"en-US\",\"@id\":\"https:\\\/\\\/www.quimxel.es\\\/en\\\/#\\\/schema\\\/logo\\\/image\\\/\",\"url\":\"https:\\\/\\\/www.quimxel.es\\\/wp-content\\\/uploads\\\/2024\\\/08\\\/logo_quimxel.png\",\"contentUrl\":\"https:\\\/\\\/www.quimxel.es\\\/wp-content\\\/uploads\\\/2024\\\/08\\\/logo_quimxel.png\",\"width\":257,\"height\":66,\"caption\":\"QU\u00cdMICAS QUIMXEL, S.L.\"},\"image\":{\"@id\":\"https:\\\/\\\/www.quimxel.es\\\/en\\\/#\\\/schema\\\/logo\\\/image\\\/\"},\"sameAs\":[\"https:\\\/\\\/es.linkedin.com\\\/company\\\/quimxel\"]}]}<\/script>\n<!-- \/ Yoast SEO plugin. -->","yoast_head_json":{"title":"Sanitary sector - QU\u00cdMICAS QUIMXEL, S.L.","robots":{"index":"index","follow":"follow","max-snippet":"max-snippet:-1","max-image-preview":"max-image-preview:large","max-video-preview":"max-video-preview:-1"},"canonical":"https:\/\/www.quimxel.es\/en\/sector-sanitario\/","og_locale":"en_US","og_type":"article","og_title":"Sanitary sector - QU\u00cdMICAS QUIMXEL, S.L.","og_url":"https:\/\/www.quimxel.es\/en\/sector-sanitario\/","og_site_name":"QU\u00cdMICAS QUIMXEL, S.L.","article_modified_time":"2025-01-20T12:16:46+00:00","twitter_card":"summary_large_image","schema":{"@context":"https:\/\/schema.org","@graph":[{"@type":"WebPage","@id":"https:\/\/www.quimxel.es\/en\/sector-sanitario\/","url":"https:\/\/www.quimxel.es\/en\/sector-sanitario\/","name":"Sanitary sector - QU\u00cdMICAS QUIMXEL, S.L.","isPartOf":{"@id":"https:\/\/www.quimxel.es\/en\/#website"},"datePublished":"2024-12-05T13:43:10+00:00","dateModified":"2025-01-20T12:16:46+00:00","breadcrumb":{"@id":"https:\/\/www.quimxel.es\/en\/sector-sanitario\/#breadcrumb"},"inLanguage":"en-US","potentialAction":[{"@type":"ReadAction","target":["https:\/\/www.quimxel.es\/en\/sector-sanitario\/"]}]},{"@type":"BreadcrumbList","@id":"https:\/\/www.quimxel.es\/en\/sector-sanitario\/#breadcrumb","itemListElement":[{"@type":"ListItem","position":1,"name":"Portada","item":"https:\/\/www.quimxel.es\/en\/home\/"},{"@type":"ListItem","position":2,"name":"Sanitary sector"}]},{"@type":"WebSite","@id":"https:\/\/www.quimxel.es\/en\/#website","url":"https:\/\/www.quimxel.es\/en\/","name":"QU\u00cdMICAS QUIMXEL, S.L.","description":"L\u00edderes en la fabricaci\u00f3n de productos de higiene y limpieza profesional con m\u00e1s de 30 a\u00f1os de experiencia en el sector.","publisher":{"@id":"https:\/\/www.quimxel.es\/en\/#organization"},"alternateName":"QUIMXEL","potentialAction":[{"@type":"SearchAction","target":{"@type":"EntryPoint","urlTemplate":"https:\/\/www.quimxel.es\/en\/?s={search_term_string}"},"query-input":{"@type":"PropertyValueSpecification","valueRequired":true,"valueName":"search_term_string"}}],"inLanguage":"en-US"},{"@type":"Organization","@id":"https:\/\/www.quimxel.es\/en\/#organization","name":"QU\u00cdMICAS QUIMXEL, S.L.","url":"https:\/\/www.quimxel.es\/en\/","logo":{"@type":"ImageObject","inLanguage":"en-US","@id":"https:\/\/www.quimxel.es\/en\/#\/schema\/logo\/image\/","url":"https:\/\/www.quimxel.es\/wp-content\/uploads\/2024\/08\/logo_quimxel.png","contentUrl":"https:\/\/www.quimxel.es\/wp-content\/uploads\/2024\/08\/logo_quimxel.png","width":257,"height":66,"caption":"QU\u00cdMICAS QUIMXEL, S.L."},"image":{"@id":"https:\/\/www.quimxel.es\/en\/#\/schema\/logo\/image\/"},"sameAs":["https:\/\/es.linkedin.com\/company\/quimxel"]}]}},"_links":{"self":[{"href":"https:\/\/www.quimxel.es\/en\/wp-json\/wp\/v2\/pages\/1915","targetHints":{"allow":["GET"]}}],"collection":[{"href":"https:\/\/www.quimxel.es\/en\/wp-json\/wp\/v2\/pages"}],"about":[{"href":"https:\/\/www.quimxel.es\/en\/wp-json\/wp\/v2\/types\/page"}],"author":[{"embeddable":true,"href":"https:\/\/www.quimxel.es\/en\/wp-json\/wp\/v2\/users\/1"}],"replies":[{"embeddable":true,"href":"https:\/\/www.quimxel.es\/en\/wp-json\/wp\/v2\/comments?post=1915"}],"version-history":[{"count":2,"href":"https:\/\/www.quimxel.es\/en\/wp-json\/wp\/v2\/pages\/1915\/revisions"}],"predecessor-version":[{"id":1983,"href":"https:\/\/www.quimxel.es\/en\/wp-json\/wp\/v2\/pages\/1915\/revisions\/1983"}],"wp:attachment":[{"href":"https:\/\/www.quimxel.es\/en\/wp-json\/wp\/v2\/media?parent=1915"}],"curies":[{"name":"wp","href":"https:\/\/api.w.org\/{rel}","templated":true}]}}