{"id":1593,"date":"2023-11-24T16:14:17","date_gmt":"2023-11-24T15:14:17","guid":{"rendered":"https:\/\/www.quimxel.es\/?page_id=1593"},"modified":"2025-02-06T10:22:46","modified_gmt":"2025-02-06T09:22:46","slug":"accueil","status":"publish","type":"page","link":"https:\/\/www.quimxel.es\/fr\/","title":{"rendered":"Accueil"},"content":{"rendered":"","protected":false},"excerpt":{"rendered":"","protected":false},"author":1,"featured_media":0,"parent":0,"menu_order":0,"comment_status":"closed","ping_status":"closed","template":"","meta":{"footnotes":""},"class_list":["post-1593","page","type-page","status-publish","hentry"],"yoast_head":"<!-- This site is optimized with the Yoast SEO plugin v27.3 - https:\/\/yoast.com\/product\/yoast-seo-wordpress\/ -->\n<title>Accueil - QU\u00cdMICAS QUIMXEL, S.L.<\/title>\n<meta name=\"robots\" content=\"index, follow, max-snippet:-1, max-image-preview:large, max-video-preview:-1\" \/>\n<link rel=\"canonical\" href=\"https:\/\/www.quimxel.es\/fr\/\" \/>\n<meta property=\"og:locale\" content=\"fr_FR\" \/>\n<meta property=\"og:type\" content=\"article\" \/>\n<meta property=\"og:title\" content=\"Accueil - QU\u00cdMICAS QUIMXEL, S.L.\" \/>\n<meta property=\"og:url\" content=\"https:\/\/www.quimxel.es\/fr\/\" \/>\n<meta property=\"og:site_name\" content=\"QU\u00cdMICAS QUIMXEL, S.L.\" \/>\n<meta property=\"article:modified_time\" content=\"2025-02-06T09:22:46+00:00\" \/>\n<meta name=\"twitter:card\" content=\"summary_large_image\" \/>\n<script type=\"application\/ld+json\" class=\"yoast-schema-graph\">{\"@context\":\"https:\\\/\\\/schema.org\",\"@graph\":[{\"@type\":\"WebPage\",\"@id\":\"https:\\\/\\\/www.quimxel.es\\\/fr\\\/\",\"url\":\"https:\\\/\\\/www.quimxel.es\\\/fr\\\/\",\"name\":\"Accueil - QU\u00cdMICAS QUIMXEL, S.L.\",\"isPartOf\":{\"@id\":\"https:\\\/\\\/www.quimxel.es\\\/fr\\\/#website\"},\"datePublished\":\"2023-11-24T15:14:17+00:00\",\"dateModified\":\"2025-02-06T09:22:46+00:00\",\"breadcrumb\":{\"@id\":\"https:\\\/\\\/www.quimxel.es\\\/fr\\\/#breadcrumb\"},\"inLanguage\":\"fr-FR\",\"potentialAction\":[{\"@type\":\"ReadAction\",\"target\":[\"https:\\\/\\\/www.quimxel.es\\\/fr\\\/\"]}]},{\"@type\":\"BreadcrumbList\",\"@id\":\"https:\\\/\\\/www.quimxel.es\\\/fr\\\/#breadcrumb\",\"itemListElement\":[{\"@type\":\"ListItem\",\"position\":1,\"name\":\"Portada\",\"item\":\"https:\\\/\\\/www.quimxel.es\\\/fr\\\/accueil\\\/\"},{\"@type\":\"ListItem\",\"position\":2,\"name\":\"Accueil\"}]},{\"@type\":\"WebSite\",\"@id\":\"https:\\\/\\\/www.quimxel.es\\\/fr\\\/#website\",\"url\":\"https:\\\/\\\/www.quimxel.es\\\/fr\\\/\",\"name\":\"QU\u00cdMICAS QUIMXEL, S.L.\",\"description\":\"L\u00edderes en la fabricaci\u00f3n de productos de higiene y limpieza profesional con m\u00e1s de 30 a\u00f1os de experiencia en el sector.\",\"publisher\":{\"@id\":\"https:\\\/\\\/www.quimxel.es\\\/fr\\\/#organization\"},\"alternateName\":\"QUIMXEL\",\"potentialAction\":[{\"@type\":\"SearchAction\",\"target\":{\"@type\":\"EntryPoint\",\"urlTemplate\":\"https:\\\/\\\/www.quimxel.es\\\/fr\\\/?s={search_term_string}\"},\"query-input\":{\"@type\":\"PropertyValueSpecification\",\"valueRequired\":true,\"valueName\":\"search_term_string\"}}],\"inLanguage\":\"fr-FR\"},{\"@type\":\"Organization\",\"@id\":\"https:\\\/\\\/www.quimxel.es\\\/fr\\\/#organization\",\"name\":\"QU\u00cdMICAS QUIMXEL, S.L.\",\"url\":\"https:\\\/\\\/www.quimxel.es\\\/fr\\\/\",\"logo\":{\"@type\":\"ImageObject\",\"inLanguage\":\"fr-FR\",\"@id\":\"https:\\\/\\\/www.quimxel.es\\\/fr\\\/#\\\/schema\\\/logo\\\/image\\\/\",\"url\":\"https:\\\/\\\/www.quimxel.es\\\/wp-content\\\/uploads\\\/2024\\\/08\\\/logo_quimxel.png\",\"contentUrl\":\"https:\\\/\\\/www.quimxel.es\\\/wp-content\\\/uploads\\\/2024\\\/08\\\/logo_quimxel.png\",\"width\":257,\"height\":66,\"caption\":\"QU\u00cdMICAS QUIMXEL, S.L.\"},\"image\":{\"@id\":\"https:\\\/\\\/www.quimxel.es\\\/fr\\\/#\\\/schema\\\/logo\\\/image\\\/\"},\"sameAs\":[\"https:\\\/\\\/es.linkedin.com\\\/company\\\/quimxel\"]}]}<\/script>\n<!-- \/ Yoast SEO plugin. -->","yoast_head_json":{"title":"Accueil - QU\u00cdMICAS QUIMXEL, S.L.","robots":{"index":"index","follow":"follow","max-snippet":"max-snippet:-1","max-image-preview":"max-image-preview:large","max-video-preview":"max-video-preview:-1"},"canonical":"https:\/\/www.quimxel.es\/fr\/","og_locale":"fr_FR","og_type":"article","og_title":"Accueil - QU\u00cdMICAS QUIMXEL, S.L.","og_url":"https:\/\/www.quimxel.es\/fr\/","og_site_name":"QU\u00cdMICAS QUIMXEL, S.L.","article_modified_time":"2025-02-06T09:22:46+00:00","twitter_card":"summary_large_image","schema":{"@context":"https:\/\/schema.org","@graph":[{"@type":"WebPage","@id":"https:\/\/www.quimxel.es\/fr\/","url":"https:\/\/www.quimxel.es\/fr\/","name":"Accueil - QU\u00cdMICAS QUIMXEL, S.L.","isPartOf":{"@id":"https:\/\/www.quimxel.es\/fr\/#website"},"datePublished":"2023-11-24T15:14:17+00:00","dateModified":"2025-02-06T09:22:46+00:00","breadcrumb":{"@id":"https:\/\/www.quimxel.es\/fr\/#breadcrumb"},"inLanguage":"fr-FR","potentialAction":[{"@type":"ReadAction","target":["https:\/\/www.quimxel.es\/fr\/"]}]},{"@type":"BreadcrumbList","@id":"https:\/\/www.quimxel.es\/fr\/#breadcrumb","itemListElement":[{"@type":"ListItem","position":1,"name":"Portada","item":"https:\/\/www.quimxel.es\/fr\/accueil\/"},{"@type":"ListItem","position":2,"name":"Accueil"}]},{"@type":"WebSite","@id":"https:\/\/www.quimxel.es\/fr\/#website","url":"https:\/\/www.quimxel.es\/fr\/","name":"QU\u00cdMICAS QUIMXEL, S.L.","description":"L\u00edderes en la fabricaci\u00f3n de productos de higiene y limpieza profesional con m\u00e1s de 30 a\u00f1os de experiencia en el sector.","publisher":{"@id":"https:\/\/www.quimxel.es\/fr\/#organization"},"alternateName":"QUIMXEL","potentialAction":[{"@type":"SearchAction","target":{"@type":"EntryPoint","urlTemplate":"https:\/\/www.quimxel.es\/fr\/?s={search_term_string}"},"query-input":{"@type":"PropertyValueSpecification","valueRequired":true,"valueName":"search_term_string"}}],"inLanguage":"fr-FR"},{"@type":"Organization","@id":"https:\/\/www.quimxel.es\/fr\/#organization","name":"QU\u00cdMICAS QUIMXEL, S.L.","url":"https:\/\/www.quimxel.es\/fr\/","logo":{"@type":"ImageObject","inLanguage":"fr-FR","@id":"https:\/\/www.quimxel.es\/fr\/#\/schema\/logo\/image\/","url":"https:\/\/www.quimxel.es\/wp-content\/uploads\/2024\/08\/logo_quimxel.png","contentUrl":"https:\/\/www.quimxel.es\/wp-content\/uploads\/2024\/08\/logo_quimxel.png","width":257,"height":66,"caption":"QU\u00cdMICAS QUIMXEL, S.L."},"image":{"@id":"https:\/\/www.quimxel.es\/fr\/#\/schema\/logo\/image\/"},"sameAs":["https:\/\/es.linkedin.com\/company\/quimxel"]}]}},"_links":{"self":[{"href":"https:\/\/www.quimxel.es\/fr\/wp-json\/wp\/v2\/pages\/1593","targetHints":{"allow":["GET"]}}],"collection":[{"href":"https:\/\/www.quimxel.es\/fr\/wp-json\/wp\/v2\/pages"}],"about":[{"href":"https:\/\/www.quimxel.es\/fr\/wp-json\/wp\/v2\/types\/page"}],"author":[{"embeddable":true,"href":"https:\/\/www.quimxel.es\/fr\/wp-json\/wp\/v2\/users\/1"}],"replies":[{"embeddable":true,"href":"https:\/\/www.quimxel.es\/fr\/wp-json\/wp\/v2\/comments?post=1593"}],"version-history":[{"count":1,"href":"https:\/\/www.quimxel.es\/fr\/wp-json\/wp\/v2\/pages\/1593\/revisions"}],"predecessor-version":[{"id":1594,"href":"https:\/\/www.quimxel.es\/fr\/wp-json\/wp\/v2\/pages\/1593\/revisions\/1594"}],"wp:attachment":[{"href":"https:\/\/www.quimxel.es\/fr\/wp-json\/wp\/v2\/media?parent=1593"}],"curies":[{"name":"wp","href":"https:\/\/api.w.org\/{rel}","templated":true}]}}